
{"id":21,"date":"2017-12-21T13:11:33","date_gmt":"2017-12-21T13:11:33","guid":{"rendered":"http:\/\/www.hofmann-eventtechnik.de\/?page_id=21"},"modified":"2018-01-19T09:35:55","modified_gmt":"2018-01-19T09:35:55","slug":"full-service","status":"publish","type":"page","link":"https:\/\/www.hofmann-eventtechnik.de\/?page_id=21","title":{"rendered":"Full-Service"},"content":{"rendered":"<div class=\"row\">\n<div class=\"col-md-6\">\n<h3>FULL-SERVICE<\/h3>\n<p style=\"text-align: justify;\">Wir bieten Ihnen L\u00f6sungen aus dem Bereich Veranstaltungstechnik. Dabei haben Sie in uns einen kompetenten Partner von der Planung bis zur Durchf\u00fchrung. Bei uns gibt es keine Events &#8222;von der Stange&#8220; &#8211; individuelle L\u00f6sungen f\u00fcr Ihre Ideen sind eines unserer Erfolgskonzepte.<\/p>\n<p>&nbsp;<\/p>\n<p><img loading=\"lazy\" decoding=\"async\" class=\"alignnone wp-image-76\" src=\"https:\/\/www.hofmann-eventtechnik.de\/wp-content\/uploads\/2018\/01\/305946_168596653218830_2211744_n-300x225.jpg\" alt=\"Stadtgarten Erfurt\" width=\"240\" height=\"180\" srcset=\"https:\/\/www.hofmann-eventtechnik.de\/wp-content\/uploads\/2018\/01\/305946_168596653218830_2211744_n-300x225.jpg 300w, https:\/\/www.hofmann-eventtechnik.de\/wp-content\/uploads\/2018\/01\/305946_168596653218830_2211744_n-400x300.jpg 400w, https:\/\/www.hofmann-eventtechnik.de\/wp-content\/uploads\/2018\/01\/305946_168596653218830_2211744_n.jpg 450w\" sizes=\"auto, (max-width: 240px) 100vw, 240px\" \/>\u00a0 <img loading=\"lazy\" decoding=\"async\" class=\"alignnone wp-image-80\" src=\"https:\/\/www.hofmann-eventtechnik.de\/wp-content\/uploads\/2018\/01\/awesomeclassics_2016-300x200.jpg\" alt=\"Awesome Classics 2016\" width=\"270\" height=\"180\" srcset=\"https:\/\/www.hofmann-eventtechnik.de\/wp-content\/uploads\/2018\/01\/awesomeclassics_2016-300x200.jpg 300w, https:\/\/www.hofmann-eventtechnik.de\/wp-content\/uploads\/2018\/01\/awesomeclassics_2016-768x512.jpg 768w, https:\/\/www.hofmann-eventtechnik.de\/wp-content\/uploads\/2018\/01\/awesomeclassics_2016-400x267.jpg 400w, https:\/\/www.hofmann-eventtechnik.de\/wp-content\/uploads\/2018\/01\/awesomeclassics_2016.jpg 960w\" sizes=\"auto, (max-width: 270px) 100vw, 270px\" \/><br \/>\n<\/div>\n<div class=\"col-md-6\">\n<img loading=\"lazy\" decoding=\"async\" class=\"alignnone wp-image-78\" src=\"https:\/\/www.hofmann-eventtechnik.de\/wp-content\/uploads\/2018\/01\/awesomeclassics_2015_02-300x300.jpg\" alt=\"Awesome Classics 2015\" width=\"550\" height=\"550\" srcset=\"https:\/\/www.hofmann-eventtechnik.de\/wp-content\/uploads\/2018\/01\/awesomeclassics_2015_02-300x300.jpg 300w, https:\/\/www.hofmann-eventtechnik.de\/wp-content\/uploads\/2018\/01\/awesomeclassics_2015_02-150x150.jpg 150w, https:\/\/www.hofmann-eventtechnik.de\/wp-content\/uploads\/2018\/01\/awesomeclassics_2015_02-768x768.jpg 768w, https:\/\/www.hofmann-eventtechnik.de\/wp-content\/uploads\/2018\/01\/awesomeclassics_2015_02-400x400.jpg 400w, https:\/\/www.hofmann-eventtechnik.de\/wp-content\/uploads\/2018\/01\/awesomeclassics_2015_02.jpg 960w\" sizes=\"auto, (max-width: 550px) 100vw, 550px\" \/><\/p>\n<p>&nbsp;<\/p>\n<\/div>\n<\/div>\n<p>&nbsp;<\/p>\n<p>&nbsp;<\/p>\n<p>&nbsp;<\/p>\n","protected":false},"excerpt":{"rendered":"<p>&nbsp; &nbsp; &nbsp;<\/p>\n","protected":false},"author":2,"featured_media":0,"parent":19,"menu_order":0,"comment_status":"closed","ping_status":"closed","template":"","meta":{"_acf_changed":false,"h5ap_radio_sources":[],"footnotes":""},"class_list":["post-21","page","type-page","status-publish","hentry"],"acf":[],"_links":{"self":[{"href":"https:\/\/www.hofmann-eventtechnik.de\/index.php?rest_route=\/wp\/v2\/pages\/21","targetHints":{"allow":["GET"]}}],"collection":[{"href":"https:\/\/www.hofmann-eventtechnik.de\/index.php?rest_route=\/wp\/v2\/pages"}],"about":[{"href":"https:\/\/www.hofmann-eventtechnik.de\/index.php?rest_route=\/wp\/v2\/types\/page"}],"author":[{"embeddable":true,"href":"https:\/\/www.hofmann-eventtechnik.de\/index.php?rest_route=\/wp\/v2\/users\/2"}],"replies":[{"embeddable":true,"href":"https:\/\/www.hofmann-eventtechnik.de\/index.php?rest_route=%2Fwp%2Fv2%2Fcomments&post=21"}],"version-history":[{"count":19,"href":"https:\/\/www.hofmann-eventtechnik.de\/index.php?rest_route=\/wp\/v2\/pages\/21\/revisions"}],"predecessor-version":[{"id":105,"href":"https:\/\/www.hofmann-eventtechnik.de\/index.php?rest_route=\/wp\/v2\/pages\/21\/revisions\/105"}],"up":[{"embeddable":true,"href":"https:\/\/www.hofmann-eventtechnik.de\/index.php?rest_route=\/wp\/v2\/pages\/19"}],"wp:attachment":[{"href":"https:\/\/www.hofmann-eventtechnik.de\/index.php?rest_route=%2Fwp%2Fv2%2Fmedia&parent=21"}],"curies":[{"name":"wp","href":"https:\/\/api.w.org\/{rel}","templated":true}]}}