
{"id":27,"date":"2017-12-21T13:12:14","date_gmt":"2017-12-21T13:12:14","guid":{"rendered":"http:\/\/www.hofmann-eventtechnik.de\/?page_id=27"},"modified":"2018-01-19T09:38:42","modified_gmt":"2018-01-19T09:38:42","slug":"buehnenbau","status":"publish","type":"page","link":"https:\/\/www.hofmann-eventtechnik.de\/?page_id=27","title":{"rendered":"B\u00fchnenbau"},"content":{"rendered":"<div class=\"row\">\n<div class=\"col-md-4\">\n<h3>B\u00fchnenbau<\/h3>\n<p>Sie planen ein Open Air Konzert, Festival oder ein Stadtfest? Dabei sind \u00fcberdachte B\u00fchnenfl\u00e4chen unabdingbar f\u00fcr ein gelungenes Event. Ob klein oder gro\u00df, wir finden das Passende! Dabei behalten wir die technischen und gesetzlichen Erfordernisse im Blick.<br \/>\n<\/div>\n<div class=\"col-md-8\">\n<p><strong>M\u00f6gliche Varianten:<\/strong><\/p>\n<p>Open Air B\u00fchne, Grundfl\u00e4chen 6x4m, 9x7m, 12x8m, mit oder ohne Sidewings<\/p>\n<p><img loading=\"lazy\" decoding=\"async\" class=\"alignnone size-medium wp-image-60\" src=\"https:\/\/www.hofmann-eventtechnik.de\/wp-content\/uploads\/2018\/01\/IMG-20160827-WA0012-300x170.jpg\" alt=\"\" width=\"300\" height=\"170\" srcset=\"https:\/\/www.hofmann-eventtechnik.de\/wp-content\/uploads\/2018\/01\/IMG-20160827-WA0012-300x170.jpg 300w, https:\/\/www.hofmann-eventtechnik.de\/wp-content\/uploads\/2018\/01\/IMG-20160827-WA0012-768x434.jpg 768w, https:\/\/www.hofmann-eventtechnik.de\/wp-content\/uploads\/2018\/01\/IMG-20160827-WA0012-1024x579.jpg 1024w, https:\/\/www.hofmann-eventtechnik.de\/wp-content\/uploads\/2018\/01\/IMG-20160827-WA0012-400x226.jpg 400w, https:\/\/www.hofmann-eventtechnik.de\/wp-content\/uploads\/2018\/01\/IMG-20160827-WA0012.jpg 1344w\" sizes=\"auto, (max-width: 300px) 100vw, 300px\" \/> <img loading=\"lazy\" decoding=\"async\" class=\"alignnone size-medium wp-image-61\" src=\"https:\/\/www.hofmann-eventtechnik.de\/wp-content\/uploads\/2018\/01\/DSC_0452-300x169.jpg\" alt=\"\" width=\"300\" height=\"169\" srcset=\"https:\/\/www.hofmann-eventtechnik.de\/wp-content\/uploads\/2018\/01\/DSC_0452-300x169.jpg 300w, https:\/\/www.hofmann-eventtechnik.de\/wp-content\/uploads\/2018\/01\/DSC_0452-768x432.jpg 768w, https:\/\/www.hofmann-eventtechnik.de\/wp-content\/uploads\/2018\/01\/DSC_0452-1024x576.jpg 1024w, https:\/\/www.hofmann-eventtechnik.de\/wp-content\/uploads\/2018\/01\/DSC_0452-400x225.jpg 400w\" sizes=\"auto, (max-width: 300px) 100vw, 300px\" \/><\/p>\n<p>Podestsysteme von &#8222;Nivtec&#8220;<\/p>\n<p><img loading=\"lazy\" decoding=\"async\" class=\"alignnone size-medium wp-image-62\" src=\"https:\/\/www.hofmann-eventtechnik.de\/wp-content\/uploads\/2018\/01\/Nivtec-300x225.jpg\" alt=\"\" width=\"300\" height=\"225\" srcset=\"https:\/\/www.hofmann-eventtechnik.de\/wp-content\/uploads\/2018\/01\/Nivtec-300x225.jpg 300w, https:\/\/www.hofmann-eventtechnik.de\/wp-content\/uploads\/2018\/01\/Nivtec-768x576.jpg 768w, https:\/\/www.hofmann-eventtechnik.de\/wp-content\/uploads\/2018\/01\/Nivtec-1024x768.jpg 1024w, https:\/\/www.hofmann-eventtechnik.de\/wp-content\/uploads\/2018\/01\/Nivtec-400x300.jpg 400w\" sizes=\"auto, (max-width: 300px) 100vw, 300px\" \/><\/p>\n<p>PA Tower<\/p>\n<\/div>\n<\/div>\n","protected":false},"excerpt":{"rendered":"","protected":false},"author":2,"featured_media":0,"parent":19,"menu_order":0,"comment_status":"closed","ping_status":"closed","template":"","meta":{"_acf_changed":false,"h5ap_radio_sources":[],"footnotes":""},"class_list":["post-27","page","type-page","status-publish","hentry"],"acf":[],"_links":{"self":[{"href":"https:\/\/www.hofmann-eventtechnik.de\/index.php?rest_route=\/wp\/v2\/pages\/27","targetHints":{"allow":["GET"]}}],"collection":[{"href":"https:\/\/www.hofmann-eventtechnik.de\/index.php?rest_route=\/wp\/v2\/pages"}],"about":[{"href":"https:\/\/www.hofmann-eventtechnik.de\/index.php?rest_route=\/wp\/v2\/types\/page"}],"author":[{"embeddable":true,"href":"https:\/\/www.hofmann-eventtechnik.de\/index.php?rest_route=\/wp\/v2\/users\/2"}],"replies":[{"embeddable":true,"href":"https:\/\/www.hofmann-eventtechnik.de\/index.php?rest_route=%2Fwp%2Fv2%2Fcomments&post=27"}],"version-history":[{"count":8,"href":"https:\/\/www.hofmann-eventtechnik.de\/index.php?rest_route=\/wp\/v2\/pages\/27\/revisions"}],"predecessor-version":[{"id":109,"href":"https:\/\/www.hofmann-eventtechnik.de\/index.php?rest_route=\/wp\/v2\/pages\/27\/revisions\/109"}],"up":[{"embeddable":true,"href":"https:\/\/www.hofmann-eventtechnik.de\/index.php?rest_route=\/wp\/v2\/pages\/19"}],"wp:attachment":[{"href":"https:\/\/www.hofmann-eventtechnik.de\/index.php?rest_route=%2Fwp%2Fv2%2Fmedia&parent=27"}],"curies":[{"name":"wp","href":"https:\/\/api.w.org\/{rel}","templated":true}]}}