
{"id":31,"date":"2017-12-21T13:12:40","date_gmt":"2017-12-21T13:12:40","guid":{"rendered":"http:\/\/www.hofmann-eventtechnik.de\/?page_id=31"},"modified":"2018-01-17T14:44:33","modified_gmt":"2018-01-17T14:44:33","slug":"impressum","status":"publish","type":"page","link":"https:\/\/www.hofmann-eventtechnik.de\/?page_id=31","title":{"rendered":"Impressum"},"content":{"rendered":"<h3>Impressum:<\/h3>\n<p>Angaben gem\u00e4ss \u00a7 5 TMG:<\/p>\n<p>Hofmann Eventtechnik<br \/>\nInh. Christian Hofmann<br \/>\nOrtsstrasse 31<br \/>\n07389 Wilhelmsdorf<\/p>\n<p>Tel: +49 (0) 3647 463555<br \/>\nmobil: +49 (0) 170 8672045<br \/>\nFax: +49 (0) 3647 428362<\/p>\n<p>mail: info@hofmann-eventtechnik.de<br \/>\nweb: https:\/\/www.hofmann-eventtechnik.de<\/p>\n<p>Umsatzsteuer-ID: DE201248678, Finanzamt P\u00f6ssneck<\/p>\n<h3>Haftung<\/h3>\n<p>Verantwortlich f\u00fcr die Seite ist die Firma Christian Hofmann. F\u00fcr falsche oder fehlende Angaben wird jedoch<br \/>\njegliche Haftung ausgeschlossen. F\u00fcr die Inhalte externer bzw. verlinkter Seiten sind ausschliesslich deren<br \/>\nBetreiber verantwortlich.<\/p>\n","protected":false},"excerpt":{"rendered":"<p>Impressum: Angaben gem\u00e4ss \u00a7 5 TMG: Hofmann Eventtechnik Inh. Christian Hofmann Ortsstrasse 31 07389 Wilhelmsdorf Tel: +49 (0) 3647 463555 mobil: +49 (0) 170 8672045 Fax: +49 (0) 3647 428362 mail: info@hofmann-eventtechnik.de web: https:\/\/www.hofmann-eventtechnik.de Umsatzsteuer-ID: DE201248678, Finanzamt P\u00f6ssneck Haftung Verantwortlich f\u00fcr die Seite ist die Firma Christian Hofmann. F\u00fcr falsche oder fehlende Angaben wird jedoch [&hellip;]<\/p>\n","protected":false},"author":2,"featured_media":0,"parent":29,"menu_order":0,"comment_status":"closed","ping_status":"closed","template":"","meta":{"_acf_changed":false,"h5ap_radio_sources":[],"footnotes":""},"class_list":["post-31","page","type-page","status-publish","hentry"],"acf":[],"_links":{"self":[{"href":"https:\/\/www.hofmann-eventtechnik.de\/index.php?rest_route=\/wp\/v2\/pages\/31","targetHints":{"allow":["GET"]}}],"collection":[{"href":"https:\/\/www.hofmann-eventtechnik.de\/index.php?rest_route=\/wp\/v2\/pages"}],"about":[{"href":"https:\/\/www.hofmann-eventtechnik.de\/index.php?rest_route=\/wp\/v2\/types\/page"}],"author":[{"embeddable":true,"href":"https:\/\/www.hofmann-eventtechnik.de\/index.php?rest_route=\/wp\/v2\/users\/2"}],"replies":[{"embeddable":true,"href":"https:\/\/www.hofmann-eventtechnik.de\/index.php?rest_route=%2Fwp%2Fv2%2Fcomments&post=31"}],"version-history":[{"count":2,"href":"https:\/\/www.hofmann-eventtechnik.de\/index.php?rest_route=\/wp\/v2\/pages\/31\/revisions"}],"predecessor-version":[{"id":52,"href":"https:\/\/www.hofmann-eventtechnik.de\/index.php?rest_route=\/wp\/v2\/pages\/31\/revisions\/52"}],"up":[{"embeddable":true,"href":"https:\/\/www.hofmann-eventtechnik.de\/index.php?rest_route=\/wp\/v2\/pages\/29"}],"wp:attachment":[{"href":"https:\/\/www.hofmann-eventtechnik.de\/index.php?rest_route=%2Fwp%2Fv2%2Fmedia&parent=31"}],"curies":[{"name":"wp","href":"https:\/\/api.w.org\/{rel}","templated":true}]}}